{"id":23,"date":"2020-04-01T23:01:20","date_gmt":"2020-04-01T21:01:20","guid":{"rendered":"https:\/\/www.virtuosslab.cz\/?page_id=23"},"modified":"2025-03-21T07:46:01","modified_gmt":"2025-03-21T06:46:01","slug":"ortodoncie","status":"publish","type":"page","link":"https:\/\/www.virtuosslab.cz\/","title":{"rendered":"Ortodoncie"},"content":{"rendered":"\n<div class=\"wp-block-media-text alignwide is-stacked-on-mobile\"><figure class=\"wp-block-media-text__media\"><img loading=\"lazy\" width=\"1024\" height=\"683\" src=\"https:\/\/www.virtuosslab.cz\/wp-content\/uploads\/2020\/04\/DSC5817-1024x683.jpg\" alt=\"\" class=\"wp-image-54 size-full\" srcset=\"https:\/\/www.virtuosslab.cz\/wp-content\/uploads\/2020\/04\/DSC5817-1024x683.jpg 1024w, https:\/\/www.virtuosslab.cz\/wp-content\/uploads\/2020\/04\/DSC5817-300x200.jpg 300w, https:\/\/www.virtuosslab.cz\/wp-content\/uploads\/2020\/04\/DSC5817-768x512.jpg 768w, https:\/\/www.virtuosslab.cz\/wp-content\/uploads\/2020\/04\/DSC5817-1536x1024.jpg 1536w, https:\/\/www.virtuosslab.cz\/wp-content\/uploads\/2020\/04\/DSC5817-2048x1366.jpg 2048w\" sizes=\"(max-width: 1024px) 100vw, 1024px\" \/><\/figure><div class=\"wp-block-media-text__content\">\n<h2>Alignery<\/h2>\n\n\n\n<p>V\u00ddROBA Z\u00c1KLADN\u00cdCH SET\u016e pro posuny do 2mm \u2013 maxim\u00e1ln\u011b 20 dlah.<\/p>\n\n\n\n<p>PERSONALIZOVAN\u00c9 BALEN\u00cd S LOGEM VA\u0160\u00cd ORDINACE.<\/p>\n\n\n\n<p>PODLE VA\u0160ICH POKYN\u016e P\u0158IPRAV\u00cdME VIRTU\u00c1LN\u00cd SETUP.<\/p>\n\n\n\n<p>KOMUNIKACE A P\u0158ED\u00c1V\u00c1N\u00cd DAT pomoc\u00ed nov\u00e9ho modulu SW KEFALO.<\/p>\n\n\n\n<p>INTERAKTIVN\u00cd KOMUNIKACE S LABORATO\u0158\u00cd P\u0158ES INTERNET V \u010cE\u0160TIN\u011a.<\/p>\n<\/div><\/div>\n\n\n\n<div class=\"wp-block-media-text alignwide has-media-on-the-right is-stacked-on-mobile\"><figure class=\"wp-block-media-text__media\"><img loading=\"lazy\" width=\"1024\" height=\"683\" src=\"https:\/\/www.virtuosslab.cz\/wp-content\/uploads\/2020\/04\/DSC5835-Edit-1024x683.jpg\" alt=\"\" class=\"wp-image-55 size-full\" srcset=\"https:\/\/www.virtuosslab.cz\/wp-content\/uploads\/2020\/04\/DSC5835-Edit-1024x683.jpg 1024w, https:\/\/www.virtuosslab.cz\/wp-content\/uploads\/2020\/04\/DSC5835-Edit-300x200.jpg 300w, https:\/\/www.virtuosslab.cz\/wp-content\/uploads\/2020\/04\/DSC5835-Edit-768x512.jpg 768w, https:\/\/www.virtuosslab.cz\/wp-content\/uploads\/2020\/04\/DSC5835-Edit-1536x1024.jpg 1536w, https:\/\/www.virtuosslab.cz\/wp-content\/uploads\/2020\/04\/DSC5835-Edit-2048x1365.jpg 2048w\" sizes=\"(max-width: 1024px) 100vw, 1024px\" \/><\/figure><div class=\"wp-block-media-text__content\">\n<h2>Hyrax<\/h2>\n\n\n\n<p>Design a v\u00fdroba individualizovan\u00e9ho ortodontick\u00e9ho apar\u00e1tu Hyrax. Pevn\u00e9 spoje p\u00e1jen\u00e9 laserem, skv\u011bl\u00e1 retence bez nutnosti separace.<\/p>\n\n\n\n<div class=\"wp-block-file\"><a href=\"https:\/\/www.virtuosslab.cz\/wp-content\/uploads\/2020\/04\/brozura_Hyrax.pdf\"><strong>Bro\u017eura Hyrax<\/strong><\/a><a href=\"https:\/\/www.virtuosslab.cz\/wp-content\/uploads\/2020\/04\/brozura_Hyrax.pdf\" class=\"wp-block-file__button\" download>St\u00e1hnout<\/a><\/div>\n<\/div><\/div>\n\n\n\n<div class=\"wp-block-media-text alignwide is-stacked-on-mobile\"><figure class=\"wp-block-media-text__media\"><img loading=\"lazy\" width=\"1024\" height=\"683\" src=\"https:\/\/www.virtuosslab.cz\/wp-content\/uploads\/2020\/04\/DSC5814-Edit-1024x683.jpg\" alt=\"\" class=\"wp-image-79 size-full\" srcset=\"https:\/\/www.virtuosslab.cz\/wp-content\/uploads\/2020\/04\/DSC5814-Edit-1024x683.jpg 1024w, https:\/\/www.virtuosslab.cz\/wp-content\/uploads\/2020\/04\/DSC5814-Edit-300x200.jpg 300w, https:\/\/www.virtuosslab.cz\/wp-content\/uploads\/2020\/04\/DSC5814-Edit-768x512.jpg 768w, https:\/\/www.virtuosslab.cz\/wp-content\/uploads\/2020\/04\/DSC5814-Edit-1536x1024.jpg 1536w, https:\/\/www.virtuosslab.cz\/wp-content\/uploads\/2020\/04\/DSC5814-Edit-2048x1365.jpg 2048w\" sizes=\"(max-width: 1024px) 100vw, 1024px\" \/><\/figure><div class=\"wp-block-media-text__content\">\n<h2>Indirect bonding<\/h2>\n\n\n\n<p>N\u00e1vrh a 3D tisk nosi\u010d\u016f pro nep\u0159\u00edm\u00e9 lepen\u00ed z\u00e1mk\u016f. Podporov\u00e1ny z\u00e1mky a kanyly v\u0161ech p\u0159edn\u00edch v\u00fdrobc\u016f.<\/p>\n<\/div><\/div>\n\n\n\n<div class=\"wp-block-media-text alignwide has-media-on-the-right is-stacked-on-mobile\"><figure class=\"wp-block-media-text__media\"><img loading=\"lazy\" width=\"569\" height=\"427\" src=\"https:\/\/www.virtuosslab.cz\/wp-content\/uploads\/2020\/04\/thumbnail_7.-Retainer-3.jpg\" alt=\"\" class=\"wp-image-116 size-full\" srcset=\"https:\/\/www.virtuosslab.cz\/wp-content\/uploads\/2020\/04\/thumbnail_7.-Retainer-3.jpg 569w, https:\/\/www.virtuosslab.cz\/wp-content\/uploads\/2020\/04\/thumbnail_7.-Retainer-3-300x225.jpg 300w\" sizes=\"(max-width: 569px) 100vw, 569px\" \/><\/figure><div class=\"wp-block-media-text__content\">\n<h2>CoCr retainer<\/h2>\n\n\n\n<p>N\u00e1vrh a tisk CoCr reten\u010dn\u00edho individualizovan\u00e9ho dr\u00e1tu. Vstupn\u00ed data z intraor\u00e1ln\u00edho skeneru 3shape Trios nebo v otev\u0159en\u00e9m form\u00e1tu STL.<\/p>\n<\/div><\/div>\n\n\n\n<div>\n    <div style=\"float: left; width: 50%\"><div style=\"display: none;\" class=\"crellyslider-slider crellyslider-slider-fixed crellyslider-slider-orto_ine crellyslider-1\" id=\"crellyslider-1\">\n<ul>\n<li\nstyle=\"\nbackground-color: transparent;\nbackground-image: url('https:\/\/www.virtuosslab.cz\/wp-content\/uploads\/2020\/04\/DSC5812-scaled.jpg');\nbackground-position: center center;\nbackground-repeat: no-repeat;\nbackground-size: cover;\n\n\"\ndata-in=\"none\"\ndata-ease-in=\"300\"\ndata-out=\"none\"\ndata-ease-out=\"300\"\ndata-time=\"6000\"\n>\n<img\nclass=\"\"\nsrc=\"https:\/\/www.virtuosslab.cz\/wp-content\/uploads\/2020\/04\/DSC5840-Edit-scaled.jpg\"\nalt=\"\"\nstyle=\"\nz-index: 1;\n\n\"\ndata-delay=\"0\"\ndata-ease-in=\"300\"\ndata-ease-out=\"300\"\ndata-in=\"fade\"\ndata-out=\"fade\"\ndata-ignore-ease-out=\"0\"\ndata-top=\"0\"\ndata-left=\"0\"\ndata-time=\"all\"\n\/>\n<\/li>\n<li\nstyle=\"\nbackground-color: transparent;\nbackground-image: url('https:\/\/www.virtuosslab.cz\/wp-content\/uploads\/2020\/04\/DSC5812-scaled.jpg');\nbackground-position: center center;\nbackground-repeat: no-repeat;\nbackground-size: cover;\n\n\"\ndata-in=\"none\"\ndata-ease-in=\"300\"\ndata-out=\"none\"\ndata-ease-out=\"300\"\ndata-time=\"6000\"\n>\n<\/li>\n<\/ul>\n<\/div>\n<script type=\"text\/javascript\">\n(function($) {\n$(document).ready(function() {\n$(\"#crellyslider-1\").crellySlider({\nlayout: 'fixed',\nresponsive: 1,\nstartWidth: 2560,\nstartHeight: 1707,\nautomaticSlide: 1,\nshowControls: 0,\nshowNavigation: 0,\nenableSwipe: 0,\nshowProgressBar: 0,\npauseOnHover: 1,\nrandomOrder: 0,\nstartFromSlide: 0,\nbeforeStart : function() {},\nbeforeSetResponsive : function() {},\nbeforeSlideStart : function() {},\nbeforePause\t: function() {},\nbeforeResume : function() {},\n});\n});\n})(jQuery);\n<\/script>\n<\/div>\n    <div style=\"float: right; width: 50%\"><center><p class=\"has-large-font-size\">Jin\u00e9 ortodontick\u00e9 v\u00fdrobky<\/p><\/center><\/div>\n<\/div>\n\n\n\n<div class=\"wp-block-group\"><div class=\"wp-block-group__inner-container\">\n<div class=\"wp-block-group\"><div class=\"wp-block-group__inner-container\">\n<div class=\"wp-block-group\"><div class=\"wp-block-group__inner-container\">\n<div id=\"haha\" class=\"wp-block-group\"><div class=\"wp-block-group__inner-container\">\n<div class=\"wp-block-group\"><div class=\"wp-block-group__inner-container\">\n<div class=\"wp-block-group\"><div class=\"wp-block-group__inner-container\">\n<div class=\"wp-block-group\"><div class=\"wp-block-group__inner-container\"><\/div><\/div>\n<\/div><\/div>\n<\/div><\/div>\n<\/div><\/div>\n<\/div><\/div>\n\n\n\n<div class=\"wp-block-group\"><div class=\"wp-block-group__inner-container\">\n<div class=\"wp-block-group\"><div class=\"wp-block-group__inner-container\"><\/div><\/div>\n<\/div><\/div>\n<\/div><\/div>\n<\/div><\/div>\n\n\n\n<p><\/p>\n","protected":false},"excerpt":{"rendered":"<p>Alignery V\u00ddROBA Z\u00c1KLADN\u00cdCH SET\u016e pro posuny do 2mm \u2013 maxim\u00e1ln\u011b 20 dlah. PERSONALIZOVAN\u00c9 BALEN\u00cd S LOGEM VA\u0160\u00cd ORDINACE. PODLE VA\u0160ICH POKYN\u016e P\u0158IPRAV\u00cdME VIRTU\u00c1LN\u00cd SETUP. KOMUNIKACE&hellip;<\/p>\n","protected":false},"author":1,"featured_media":0,"parent":0,"menu_order":0,"comment_status":"closed","ping_status":"closed","template":"","meta":[],"_links":{"self":[{"href":"https:\/\/www.virtuosslab.cz\/index.php\/wp-json\/wp\/v2\/pages\/23"}],"collection":[{"href":"https:\/\/www.virtuosslab.cz\/index.php\/wp-json\/wp\/v2\/pages"}],"about":[{"href":"https:\/\/www.virtuosslab.cz\/index.php\/wp-json\/wp\/v2\/types\/page"}],"author":[{"embeddable":true,"href":"https:\/\/www.virtuosslab.cz\/index.php\/wp-json\/wp\/v2\/users\/1"}],"replies":[{"embeddable":true,"href":"https:\/\/www.virtuosslab.cz\/index.php\/wp-json\/wp\/v2\/comments?post=23"}],"version-history":[{"count":22,"href":"https:\/\/www.virtuosslab.cz\/index.php\/wp-json\/wp\/v2\/pages\/23\/revisions"}],"predecessor-version":[{"id":585,"href":"https:\/\/www.virtuosslab.cz\/index.php\/wp-json\/wp\/v2\/pages\/23\/revisions\/585"}],"wp:attachment":[{"href":"https:\/\/www.virtuosslab.cz\/index.php\/wp-json\/wp\/v2\/media?parent=23"}],"curies":[{"name":"wp","href":"https:\/\/api.w.org\/{rel}","templated":true}]}}