{"id":33,"date":"2020-04-02T11:19:04","date_gmt":"2020-04-02T09:19:04","guid":{"rendered":"https:\/\/www.virtuosslab.cz\/?page_id=33"},"modified":"2025-03-21T10:51:04","modified_gmt":"2025-03-21T09:51:04","slug":"uvodni-stranka","status":"publish","type":"page","link":"https:\/\/www.virtuosslab.cz\/index.php\/uvodni-stranka\/","title":{"rendered":"\u00davodn\u00ed str\u00e1nka"},"content":{"rendered":"\n<p class=\"has-text-align-center has-large-font-size\">Jsme nov\u00e1 digit\u00e1ln\u00ed zubn\u00ed laborato\u0159 se zam\u011b\u0159en\u00edm na ortodoncii a implantologii. Modern\u00ed, pln\u011b digit\u00e1ln\u00ed pracovi\u0161t\u011b v Brn\u011b.<\/p>\n","protected":false},"excerpt":{"rendered":"<p>Jsme nov\u00e1 digit\u00e1ln\u00ed zubn\u00ed laborato\u0159 se zam\u011b\u0159en\u00edm na ortodoncii a implantologii. Modern\u00ed, pln\u011b digit\u00e1ln\u00ed pracovi\u0161t\u011b v Brn\u011b.<\/p>\n","protected":false},"author":1,"featured_media":0,"parent":0,"menu_order":0,"comment_status":"closed","ping_status":"closed","template":"","meta":[],"_links":{"self":[{"href":"https:\/\/www.virtuosslab.cz\/index.php\/wp-json\/wp\/v2\/pages\/33"}],"collection":[{"href":"https:\/\/www.virtuosslab.cz\/index.php\/wp-json\/wp\/v2\/pages"}],"about":[{"href":"https:\/\/www.virtuosslab.cz\/index.php\/wp-json\/wp\/v2\/types\/page"}],"author":[{"embeddable":true,"href":"https:\/\/www.virtuosslab.cz\/index.php\/wp-json\/wp\/v2\/users\/1"}],"replies":[{"embeddable":true,"href":"https:\/\/www.virtuosslab.cz\/index.php\/wp-json\/wp\/v2\/comments?post=33"}],"version-history":[{"count":3,"href":"https:\/\/www.virtuosslab.cz\/index.php\/wp-json\/wp\/v2\/pages\/33\/revisions"}],"predecessor-version":[{"id":173,"href":"https:\/\/www.virtuosslab.cz\/index.php\/wp-json\/wp\/v2\/pages\/33\/revisions\/173"}],"wp:attachment":[{"href":"https:\/\/www.virtuosslab.cz\/index.php\/wp-json\/wp\/v2\/media?parent=33"}],"curies":[{"name":"wp","href":"https:\/\/api.w.org\/{rel}","templated":true}]}}