{"id":38,"date":"2020-04-02T21:50:39","date_gmt":"2020-04-02T19:50:39","guid":{"rendered":"https:\/\/www.virtuosslab.cz\/?page_id=38"},"modified":"2020-04-22T14:54:41","modified_gmt":"2020-04-22T12:54:41","slug":"protetika","status":"publish","type":"page","link":"https:\/\/www.virtuosslab.cz\/index.php\/protetika\/","title":{"rendered":"Protetika"},"content":{"rendered":"\n<div class=\"wp-block-media-text alignwide is-stacked-on-mobile\"><figure class=\"wp-block-media-text__media\"><img loading=\"lazy\" width=\"1024\" height=\"683\" src=\"https:\/\/www.virtuosslab.cz\/wp-content\/uploads\/2020\/04\/DSC5850-Edit-1024x683.jpg\" alt=\"\" class=\"wp-image-84\" srcset=\"https:\/\/www.virtuosslab.cz\/wp-content\/uploads\/2020\/04\/DSC5850-Edit-1024x683.jpg 1024w, https:\/\/www.virtuosslab.cz\/wp-content\/uploads\/2020\/04\/DSC5850-Edit-300x200.jpg 300w, https:\/\/www.virtuosslab.cz\/wp-content\/uploads\/2020\/04\/DSC5850-Edit-768x512.jpg 768w, https:\/\/www.virtuosslab.cz\/wp-content\/uploads\/2020\/04\/DSC5850-Edit-1536x1024.jpg 1536w, https:\/\/www.virtuosslab.cz\/wp-content\/uploads\/2020\/04\/DSC5850-Edit-2048x1365.jpg 2048w\" sizes=\"(max-width: 1024px) 100vw, 1024px\" \/><\/figure><div class=\"wp-block-media-text__content\">\n<p class=\"has-large-font-size\">3D ti\u0161t\u011bn\u00e9 provizoria<\/p>\n\n\n\n<p>Digit\u00e1ln\u011b navr\u017een\u00e9 dlouhodob\u00e9 provizoria, dle va\u0161ich po\u017eadavek. Ti\u0161t\u011bn\u00e9 SLA technologi\u00ed.<\/p>\n<\/div><\/div>\n\n\n\n<p><\/p>\n","protected":false},"excerpt":{"rendered":"<p>3D ti\u0161t\u011bn\u00e9 provizoria Digit\u00e1ln\u011b navr\u017een\u00e9 dlouhodob\u00e9 provizoria, dle va\u0161ich po\u017eadavek. Ti\u0161t\u011bn\u00e9 SLA technologi\u00ed.<\/p>\n","protected":false},"author":1,"featured_media":0,"parent":0,"menu_order":0,"comment_status":"closed","ping_status":"closed","template":"","meta":[],"_links":{"self":[{"href":"https:\/\/www.virtuosslab.cz\/index.php\/wp-json\/wp\/v2\/pages\/38"}],"collection":[{"href":"https:\/\/www.virtuosslab.cz\/index.php\/wp-json\/wp\/v2\/pages"}],"about":[{"href":"https:\/\/www.virtuosslab.cz\/index.php\/wp-json\/wp\/v2\/types\/page"}],"author":[{"embeddable":true,"href":"https:\/\/www.virtuosslab.cz\/index.php\/wp-json\/wp\/v2\/users\/1"}],"replies":[{"embeddable":true,"href":"https:\/\/www.virtuosslab.cz\/index.php\/wp-json\/wp\/v2\/comments?post=38"}],"version-history":[{"count":5,"href":"https:\/\/www.virtuosslab.cz\/index.php\/wp-json\/wp\/v2\/pages\/38\/revisions"}],"predecessor-version":[{"id":179,"href":"https:\/\/www.virtuosslab.cz\/index.php\/wp-json\/wp\/v2\/pages\/38\/revisions\/179"}],"wp:attachment":[{"href":"https:\/\/www.virtuosslab.cz\/index.php\/wp-json\/wp\/v2\/media?parent=38"}],"curies":[{"name":"wp","href":"https:\/\/api.w.org\/{rel}","templated":true}]}}