{"id":40,"date":"2020-04-02T21:50:58","date_gmt":"2020-04-02T19:50:58","guid":{"rendered":"https:\/\/www.virtuosslab.cz\/?page_id=40"},"modified":"2025-03-21T10:31:12","modified_gmt":"2025-03-21T09:31:12","slug":"kontakt","status":"publish","type":"page","link":"https:\/\/www.virtuosslab.cz\/index.php\/kontakt\/","title":{"rendered":"Kontakt"},"content":{"rendered":"<div class=\"cbxgooglemap_wrapper \"><div class=\"cbxgooglemap_embed\"   data-post-id=\"120\"  data-render=\"0\" data-mapsource=\"0\" style=\"width: 100%; height: 500px;\" data-scrollwheel=\"1\"  data-showinfo=\"0\" data-infow_open=\"1\" data-heading=\"\" data-address=\"Janou\u0161kova 4, 613 00 Brno, \u010cesk\u00e1 republika\" data-website=\"\"  data-mapicon=\"\" data-maptype=\"roadmap\" data-lat=\"49.2190547368278\" data-lng=\"16.62216424942017\" data-zoom=\"18\" ><\/div><\/div>\n\n\n<div>\n<div style=\"float: left; width: 50%\">\n<p style=\"font-size:16px\" class=\"has-text-align-center\"><strong>VirtuOSS3D s.r.o.<\/strong> <br> Janou\u0161kova 579\/4 <br> 61300 Brno <br> \u010cesk\u00e1 Republika<\/p>\n<\/div>\n<\/div>\n\n\n<p class=\"has-text-align-center has-medium-font-size\"><strong>Jana Kop\u0159ivov\u00e1<\/strong><br>tel.: 774 727 160<br>email: lab.brno@virtuoss3d.cz<\/p>\n\n\n\n<p><\/p>\n","protected":false},"excerpt":{"rendered":"<p>VirtuOSS3D s.r.o. Janou\u0161kova 579\/4 61300 Brno \u010cesk\u00e1 Republika Jana Kop\u0159ivov\u00e1tel.: 774 727 160email: lab.brno@virtuoss3d.cz<\/p>\n","protected":false},"author":1,"featured_media":0,"parent":0,"menu_order":0,"comment_status":"closed","ping_status":"closed","template":"","meta":[],"_links":{"self":[{"href":"https:\/\/www.virtuosslab.cz\/index.php\/wp-json\/wp\/v2\/pages\/40"}],"collection":[{"href":"https:\/\/www.virtuosslab.cz\/index.php\/wp-json\/wp\/v2\/pages"}],"about":[{"href":"https:\/\/www.virtuosslab.cz\/index.php\/wp-json\/wp\/v2\/types\/page"}],"author":[{"embeddable":true,"href":"https:\/\/www.virtuosslab.cz\/index.php\/wp-json\/wp\/v2\/users\/1"}],"replies":[{"embeddable":true,"href":"https:\/\/www.virtuosslab.cz\/index.php\/wp-json\/wp\/v2\/comments?post=40"}],"version-history":[{"count":27,"href":"https:\/\/www.virtuosslab.cz\/index.php\/wp-json\/wp\/v2\/pages\/40\/revisions"}],"predecessor-version":[{"id":597,"href":"https:\/\/www.virtuosslab.cz\/index.php\/wp-json\/wp\/v2\/pages\/40\/revisions\/597"}],"wp:attachment":[{"href":"https:\/\/www.virtuosslab.cz\/index.php\/wp-json\/wp\/v2\/media?parent=40"}],"curies":[{"name":"wp","href":"https:\/\/api.w.org\/{rel}","templated":true}]}}