{"id":48,"date":"2020-04-02T21:52:52","date_gmt":"2020-04-02T19:52:52","guid":{"rendered":"https:\/\/www.virtuosslab.cz\/?page_id=48"},"modified":"2025-01-08T15:28:43","modified_gmt":"2025-01-08T14:28:43","slug":"implantologie","status":"publish","type":"page","link":"https:\/\/www.virtuosslab.cz\/index.php\/implantologie\/","title":{"rendered":"Chirurgie"},"content":{"rendered":"\n<div class=\"wp-block-media-text alignwide is-stacked-on-mobile\"><figure class=\"wp-block-media-text__media\"><img loading=\"lazy\" width=\"1024\" height=\"683\" src=\"https:\/\/www.virtuosslab.cz\/wp-content\/uploads\/2020\/04\/DSC5822-Edit-2-1024x683.jpg\" alt=\"\" class=\"wp-image-112 size-full\" srcset=\"https:\/\/www.virtuosslab.cz\/wp-content\/uploads\/2020\/04\/DSC5822-Edit-2-1024x683.jpg 1024w, https:\/\/www.virtuosslab.cz\/wp-content\/uploads\/2020\/04\/DSC5822-Edit-2-300x200.jpg 300w, https:\/\/www.virtuosslab.cz\/wp-content\/uploads\/2020\/04\/DSC5822-Edit-2-768x512.jpg 768w, https:\/\/www.virtuosslab.cz\/wp-content\/uploads\/2020\/04\/DSC5822-Edit-2-1536x1024.jpg 1536w, https:\/\/www.virtuosslab.cz\/wp-content\/uploads\/2020\/04\/DSC5822-Edit-2-2048x1365.jpg 2048w\" sizes=\"(max-width: 1024px) 100vw, 1024px\" \/><\/figure><div class=\"wp-block-media-text__content\">\n<p class=\"has-large-font-size\">Implanta\u010dn\u00ed \u0161ablona<\/p>\n\n\n\n<p>Navigovan\u00e1 implantologie. Od V\u00e1mi navr\u017een\u00e9 pozice implant\u00e1t\u016f, pl\u00e1novan\u00e9 s pomoc\u00ed 3D CBCT sn\u00edmku. Po autoklavovatelnou, biotolerantn\u00ed autokl\u00e1vovatelnou z\u010d\u00e1sti nebo pln\u011b navigovanou\u00a0chirurgickou \u0161ablonu. S mo\u017enost\u00ed  dod\u00e1n\u00ed imedi\u00e1tn\u00edho provizoria.<\/p>\n<\/div><\/div>\n\n\n\n<div class=\"wp-block-media-text alignwide has-media-on-the-right is-stacked-on-mobile\"><figure class=\"wp-block-media-text__media\"><img loading=\"lazy\" width=\"1024\" height=\"683\" src=\"https:\/\/www.virtuosslab.cz\/wp-content\/uploads\/2020\/04\/DSC6036-Edit-1024x683.jpg\" alt=\"\" class=\"wp-image-114 size-full\" srcset=\"https:\/\/www.virtuosslab.cz\/wp-content\/uploads\/2020\/04\/DSC6036-Edit-1024x683.jpg 1024w, https:\/\/www.virtuosslab.cz\/wp-content\/uploads\/2020\/04\/DSC6036-Edit-300x200.jpg 300w, https:\/\/www.virtuosslab.cz\/wp-content\/uploads\/2020\/04\/DSC6036-Edit-768x512.jpg 768w, https:\/\/www.virtuosslab.cz\/wp-content\/uploads\/2020\/04\/DSC6036-Edit-1536x1024.jpg 1536w, https:\/\/www.virtuosslab.cz\/wp-content\/uploads\/2020\/04\/DSC6036-Edit-2048x1365.jpg 2048w\" sizes=\"(max-width: 1024px) 100vw, 1024px\" \/><\/figure><div class=\"wp-block-media-text__content\">\n<p class=\"has-large-font-size\">Dummy pro autotransplantaci<\/p>\n\n\n\n<p>P\u0159edv\u00eddat\u011blnej\u0161\u00ed v\u00fdsledek autotransplantace d\u00edky biokompatibiln\u00edmu a autoklavovateln\u00e9mu dummy. Vztvo\u0159eno dle 3D CBCT RTG sn\u00edmku.<\/p>\n<\/div><\/div>\n\n\n\n<p><\/p>\n","protected":false},"excerpt":{"rendered":"<p>Implanta\u010dn\u00ed \u0161ablona Navigovan\u00e1 implantologie. Od V\u00e1mi navr\u017een\u00e9 pozice implant\u00e1t\u016f, pl\u00e1novan\u00e9 s pomoc\u00ed 3D CBCT sn\u00edmku. Po autoklavovatelnou, biotolerantn\u00ed autokl\u00e1vovatelnou z\u010d\u00e1sti nebo pln\u011b navigovanou\u00a0chirurgickou \u0161ablonu. S&hellip;<\/p>\n","protected":false},"author":1,"featured_media":0,"parent":0,"menu_order":0,"comment_status":"closed","ping_status":"closed","template":"","meta":[],"_links":{"self":[{"href":"https:\/\/www.virtuosslab.cz\/index.php\/wp-json\/wp\/v2\/pages\/48"}],"collection":[{"href":"https:\/\/www.virtuosslab.cz\/index.php\/wp-json\/wp\/v2\/pages"}],"about":[{"href":"https:\/\/www.virtuosslab.cz\/index.php\/wp-json\/wp\/v2\/types\/page"}],"author":[{"embeddable":true,"href":"https:\/\/www.virtuosslab.cz\/index.php\/wp-json\/wp\/v2\/users\/1"}],"replies":[{"embeddable":true,"href":"https:\/\/www.virtuosslab.cz\/index.php\/wp-json\/wp\/v2\/comments?post=48"}],"version-history":[{"count":9,"href":"https:\/\/www.virtuosslab.cz\/index.php\/wp-json\/wp\/v2\/pages\/48\/revisions"}],"predecessor-version":[{"id":522,"href":"https:\/\/www.virtuosslab.cz\/index.php\/wp-json\/wp\/v2\/pages\/48\/revisions\/522"}],"wp:attachment":[{"href":"https:\/\/www.virtuosslab.cz\/index.php\/wp-json\/wp\/v2\/media?parent=48"}],"curies":[{"name":"wp","href":"https:\/\/api.w.org\/{rel}","templated":true}]}}